{"id":1002,"date":"2019-03-14T16:40:00","date_gmt":"2019-03-14T19:40:00","guid":{"rendered":"https:\/\/artsyhostel.com.br\/hotel\/?page_id=1002"},"modified":"2025-09-11T20:15:03","modified_gmt":"2025-09-11T23:15:03","slug":"artsy-hostel","status":"publish","type":"page","link":"https:\/\/artsyhostel.com.br\/hotel\/artsy-hostel\/","title":{"rendered":"Artsy Vit\u00f3ria Hostel"},"content":{"rendered":"<p>[vc_row][vc_column][vc_empty_space alter_height=&#8221;huge&#8221; hide_on_mobile=&#8221;&#8221; css=&#8221;.vc_custom_1485178884146{margin-bottom: 1.4rem !important;}&#8221;]<div id=\"sc_title_778312929\"\n\t\tclass=\"sc_title sc_title_default\"><h2 class=\"sc_item_title sc_title_title sc_align_center sc_item_title_style_default\">Seja Bem-vindo!<\/h2><\/div><!-- \/.sc_title -->[vc_empty_space alter_height=&#8221;medium&#8221; hide_on_mobile=&#8221;&#8221;][\/vc_column][\/vc_row][vc_row][vc_column][vc_column_text css=&#8221;.vc_custom_1757632500920{margin-top: -0.4rem !important;}&#8221;]<strong>Quem somos<\/strong><\/p>\n<p>Somos o \u00fanico Business Hostel com ambiente de design industrial pop Estado do Esp\u00edrito Santo, pensando para oferecer o melhor conforto, qualidade e com servi\u00e7os diferenciados. As \u00e1reas comuns s\u00e3o compartilhadas como cozinha americana, a sala de TV e o refeit\u00f3rio, al\u00e9m de amplo terra\u00e7o panor\u00e2mico de inspira\u00e7\u00e3o europeia &#8211; espanhola.<\/p>\n<p>Estamos localizados no Bairro Rep\u00fablica, somos vizinhos ao novo Aeroporto de Vit\u00f3ria, pr\u00f3ximo da principal praia da capital, a Praia de Camburi, da Universidade Federal do Esp\u00edrito Santo (UFES) e outras faculdades. Temos atrativos tur\u00edsticos ao redor como o Galp\u00e3o da Paneleiras de Goiabeiras e o Parque da Pedra da Cebola.<\/p>\n<p><strong>Diferenciais<\/strong><\/p>\n<p>Todos quartos possuem ar condicionado split e banheiro privativo;<\/p>\n<p>Todas os nossos colch\u00f5es s\u00e3o ortop\u00e9dicos, feitos sob medida para a hotelaria;<\/p>\n<p>Somos amigos das pr\u00e1ticas sustent\u00e1veis preservando os recursos naturais, investimos em um sistema de reuso da \u00e1gua da chuva;<\/p>\n<p>Estacionamento privativo e monitorado 24\/7;<\/p>\n<p><strong>Por que o Artsy Vit\u00f3ria Hostel atende requisitos de sustentabilidade inerentes ao neg\u00f3cio?<\/strong><\/p>\n<p>Temos implantado o sistema de reuso de \u00e1guas, devidamente tratada e filtrada, para uso na descarga dos vasos sanit\u00e1rios, e para a utiliza\u00e7\u00e3o na limpeza das \u00e1reas comuns, na rega das plantas e do jardim;<\/p>\n<p>As \u00e1guas dos chuveiros, dos lavat\u00f3rios e da m\u00e1quina de lavar roupa s\u00e3o tratadas e filtradas para o reuso na descarga dos vasos sanit\u00e1rios;<\/p>\n<p>A \u00e1gua quente dos chuveiros e da pia da cozinha \u00e9 100% aquecida pelo sistema de placas solares sem consumir energia el\u00e9trica;<\/p>\n<p>A \u00e1gua quente dos chuveiros ser\u00e1 disponibilizada aquecida de imediato ao abrir o registro evitando desperd\u00edcio de \u00e1gua para regular a temperatura, o sistema permite aquecimento da \u00e1gua at\u00e9 aproximadamente a 50 graus c\u00e9lsius.<\/p>\n<p>Temos no pr\u00f3prio estabelecimento, parte da energia el\u00e9trica consumida, por meio de pain\u00e9is fotovoltaicos e inversores para alimentar a rede el\u00e9trica e gerar cr\u00e9ditos, que ser\u00e3o descontados na conta de luz da concession\u00e1ria el\u00e9trica.[\/vc_column_text][vc_empty_space alter_height=&#8221;medium&#8221; hide_on_mobile=&#8221;&#8221; css=&#8221;.vc_custom_1485179225937{margin-bottom: 0.4rem !important;}&#8221;][\/vc_column][\/vc_row][vc_row][vc_column][vc_single_image image=&#8221;1341&#8243; img_size=&#8221;full&#8221;][\/vc_column][\/vc_row][vc_row][vc_column][vc_empty_space alter_height=&#8221;huge&#8221; hide_on_mobile=&#8221;&#8221;][\/vc_column][\/vc_row]<\/p>\n","protected":false},"excerpt":{"rendered":"<p>[vc_row][vc_column][vc_empty_space alter_height=&#8221;huge&#8221; hide_on_mobile=&#8221;&#8221; css=&#8221;.vc_custom_1485178884146{margin-bottom: 1.4rem !important;}&#8221;][vc_empty_space alter_height=&#8221;medium&#8221; hide_on_mobile=&#8221;&#8221;][\/vc_column][\/vc_row][vc_row][vc_column][vc_column_text css=&#8221;.vc_custom_1757632500920{margin-top: -0.4rem !important;}&#8221;]Quem somos Somos o \u00fanico Business Hostel com ambiente de design industrial pop Estado do Esp\u00edrito Santo, pensando para oferecer o melhor conforto, qualidade e com servi\u00e7os diferenciados. As \u00e1reas comuns s\u00e3o compartilhadas como cozinha americana, a sala de TV e o refeit\u00f3rio, al\u00e9m de amplo terra\u00e7o panor\u00e2mico de inspira\u00e7\u00e3o&hellip;<\/p>\n","protected":false},"author":1,"featured_media":0,"parent":0,"menu_order":0,"comment_status":"closed","ping_status":"closed","template":"","meta":{"footnotes":""},"class_list":["post-1002","page","type-page","status-publish","hentry"],"_links":{"self":[{"href":"https:\/\/artsyhostel.com.br\/hotel\/wp-json\/wp\/v2\/pages\/1002","targetHints":{"allow":["GET"]}}],"collection":[{"href":"https:\/\/artsyhostel.com.br\/hotel\/wp-json\/wp\/v2\/pages"}],"about":[{"href":"https:\/\/artsyhostel.com.br\/hotel\/wp-json\/wp\/v2\/types\/page"}],"author":[{"embeddable":true,"href":"https:\/\/artsyhostel.com.br\/hotel\/wp-json\/wp\/v2\/users\/1"}],"replies":[{"embeddable":true,"href":"https:\/\/artsyhostel.com.br\/hotel\/wp-json\/wp\/v2\/comments?post=1002"}],"version-history":[{"count":39,"href":"https:\/\/artsyhostel.com.br\/hotel\/wp-json\/wp\/v2\/pages\/1002\/revisions"}],"predecessor-version":[{"id":1583,"href":"https:\/\/artsyhostel.com.br\/hotel\/wp-json\/wp\/v2\/pages\/1002\/revisions\/1583"}],"wp:attachment":[{"href":"https:\/\/artsyhostel.com.br\/hotel\/wp-json\/wp\/v2\/media?parent=1002"}],"curies":[{"name":"wp","href":"https:\/\/api.w.org\/{rel}","templated":true}]}}