{"id":1060,"date":"2019-03-15T15:09:20","date_gmt":"2019-03-15T18:09:20","guid":{"rendered":"https:\/\/artsyhostel.com.br\/hotel\/?page_id=1060"},"modified":"2022-06-13T23:20:20","modified_gmt":"2022-06-14T02:20:20","slug":"regulamento","status":"publish","type":"page","link":"https:\/\/artsyhostel.com.br\/hotel\/regulamento\/","title":{"rendered":"Regulamento"},"content":{"rendered":"<p>[vc_row][vc_column][vc_empty_space alter_height=&#8221;huge&#8221; hide_on_mobile=&#8221;&#8221; css=&#8221;.vc_custom_1485178884146{margin-bottom: 1.4rem !important;}&#8221;]<div id=\"sc_title_866573077\"\n\t\tclass=\"sc_title sc_title_default\"><h2 class=\"sc_item_title sc_title_title sc_align_center sc_item_title_style_default\">Regulamento do Artsy Vit\u00f3ria Hostel<\/h2><\/div><!-- \/.sc_title -->[vc_empty_space alter_height=&#8221;medium&#8221; hide_on_mobile=&#8221;&#8221;][\/vc_column][\/vc_row][vc_row][vc_column][vc_column_text css=&#8221;.vc_custom_1655173214852{margin-top: -0.4rem !important;}&#8221;]<strong>Regras Gerais:<\/strong> O h\u00f3spede deve informar dados pessoais e apresentar documento v\u00e1lido com foto para o check-in; em seguida dever\u00e1 efetuar o pagamento das di\u00e1rias.<\/p>\n<p>Em caso do h\u00f3spede que n\u00e3o tenha efetuado a reserva (<em>walk-in<\/em>) deve pagar o valor no ato <em>do check-in<\/em>. N\u00e3o recebemos <em>walk-in<\/em> ap\u00f3s as 22:00 horas.<\/p>\n<p>O hor\u00e1rio do check-in \u00e9 a partir das <strong>14:00 horas, e o check-out \u00e9 at\u00e9 12:00 horas<\/strong>. Ap\u00f3s esse hor\u00e1rio \u00e9 poss\u00edvel utilizar o servi\u00e7o de maleiro.<\/p>\n<p>\u00c9 de total responsabilidade do h\u00f3spede cuidar dos seus pertences pessoais. No ato do <em>check-in<\/em> o h\u00f3spede receber\u00e1 as chaves do quarto e dos arm\u00e1rios\/gavetas, e o cart\u00e3o de acesso eletr\u00f4nico \u00e0s depend\u00eancias do hostel (port\u00e3o e porta de acesso principal). O hor\u00e1rio de atendimento da recep\u00e7\u00e3o \u00e9 de 07:00 at\u00e9 as 22:00 horas (hor\u00e1rio reduzido durante a pandemia de COVID-19, favor avisar hor\u00e1rio com anteced\u00eancia do check-in). O hostel \u00e9 equipado com sistema de videomonitoramento em tempo integral 24\/7.<\/p>\n<p>\u00c9 proibido portar ou consumir drogas il\u00edcitas no hostel. Os fumantes devem procurar pelas \u00e1reas externa (lounge ou terra\u00e7o) depositando devidamente as guimbas\/res\u00edduos.<\/p>\n<p>O hostel possui internet livre para os h\u00f3spedes atrav\u00e9s de Wi-fi.<\/p>\n<p>Evite danos aos pertences do hostel, em caso de preju\u00edzos, estes valores dever\u00e3o ser ressarcidos pelo h\u00f3spede.<\/p>\n<p>Favor cooperar na conserva\u00e7\u00e3o, economia e limpeza das depend\u00eancias do hostel.<\/p>\n<p><strong>Caf\u00e9 da manh\u00e3:<\/strong> O caf\u00e9 da manh\u00e3 \u00e9 incluso na di\u00e1ria para todos os h\u00f3spedes servido nos hor\u00e1rios de 07:30 \u00e0s 10:30 horas da manh\u00e3.<\/p>\n<p><strong>Cozinha:<\/strong> Disponibilizamos de uma geladeira para guardar alimentos e bebidas dos h\u00f3spedes, lembrando sempre de etiquet\u00e1-las com seu nome e identifica\u00e7\u00e3o do quarto.\u00a0 O uso do fog\u00e3o \u00e9 de 12:00 at\u00e9 20:00 para manuseio de alimentos.<\/p>\n<p><strong>Quartos:<\/strong> Todos os quartos s\u00e3o equipados com banheiros e ar-condicionado. As su\u00edtes ser\u00e3o limpas com a frequ\u00eancia adequada, preferencialmente nos hor\u00e1rios entre 12:00h a 14:00 horas. N\u00e3o s\u00e3o permitidos visitas nos quartos, somente em \u00e1reas comuns.<\/p>\n<p><strong>Banheiros:<\/strong> N\u00e3o jogue papel no vaso, e nem no ch\u00e3o. Colabore com a limpeza.<\/p>\n<p>N\u00e3o \u00e9 permitido aos h\u00f3spedes transitarem em quartos que n\u00e3o sejam os seus. N\u00e3o \u00e9 permitido lavar roupas no banheiro.<\/p>\n<p><strong>Maleiro: <\/strong>Disponibilizamos de maleiro sem custos adicionais. O h\u00f3spede dever\u00e1 retirar a bagagem at\u00e9 as 21:00 horas (caso tenha feito o <em>check-out<\/em> as 12:00 hrs). N\u00e3o \u00e9 permitido ao h\u00f3spede ao vir buscar a bagagem retornar para os quartos ap\u00f3s o <em>check-out<\/em>.<\/p>\n<p><strong>Estacionamento: <\/strong>O estacionamento \u00e9 cobrado a parte, o valor de 12,00 reais a di\u00e1ria por autom\u00f3vel, no plano mensalista a 150 reais o m\u00eas.[\/vc_column_text][vc_empty_space alter_height=&#8221;medium&#8221; hide_on_mobile=&#8221;&#8221; css=&#8221;.vc_custom_1485179225937{margin-bottom: 0.4rem !important;}&#8221;][\/vc_column][\/vc_row][vc_row][vc_column][vc_empty_space alter_height=&#8221;huge&#8221; hide_on_mobile=&#8221;&#8221;][\/vc_column][\/vc_row]<\/p>\n","protected":false},"excerpt":{"rendered":"<p>[vc_row][vc_column][vc_empty_space alter_height=&#8221;huge&#8221; hide_on_mobile=&#8221;&#8221; css=&#8221;.vc_custom_1485178884146{margin-bottom: 1.4rem !important;}&#8221;][vc_empty_space alter_height=&#8221;medium&#8221; hide_on_mobile=&#8221;&#8221;][\/vc_column][\/vc_row][vc_row][vc_column][vc_column_text css=&#8221;.vc_custom_1655173214852{margin-top: -0.4rem !important;}&#8221;]Regras Gerais: O h\u00f3spede deve informar dados pessoais e apresentar documento v\u00e1lido com foto para o check-in; em seguida dever\u00e1 efetuar o pagamento das di\u00e1rias. Em caso do h\u00f3spede que n\u00e3o tenha efetuado a reserva (walk-in) deve pagar o valor no ato do check-in. N\u00e3o recebemos walk-in ap\u00f3s as 22:00&hellip;<\/p>\n","protected":false},"author":1,"featured_media":0,"parent":0,"menu_order":0,"comment_status":"closed","ping_status":"closed","template":"","meta":{"footnotes":""},"class_list":["post-1060","page","type-page","status-publish","hentry"],"_links":{"self":[{"href":"https:\/\/artsyhostel.com.br\/hotel\/wp-json\/wp\/v2\/pages\/1060","targetHints":{"allow":["GET"]}}],"collection":[{"href":"https:\/\/artsyhostel.com.br\/hotel\/wp-json\/wp\/v2\/pages"}],"about":[{"href":"https:\/\/artsyhostel.com.br\/hotel\/wp-json\/wp\/v2\/types\/page"}],"author":[{"embeddable":true,"href":"https:\/\/artsyhostel.com.br\/hotel\/wp-json\/wp\/v2\/users\/1"}],"replies":[{"embeddable":true,"href":"https:\/\/artsyhostel.com.br\/hotel\/wp-json\/wp\/v2\/comments?post=1060"}],"version-history":[{"count":10,"href":"https:\/\/artsyhostel.com.br\/hotel\/wp-json\/wp\/v2\/pages\/1060\/revisions"}],"predecessor-version":[{"id":1562,"href":"https:\/\/artsyhostel.com.br\/hotel\/wp-json\/wp\/v2\/pages\/1060\/revisions\/1562"}],"wp:attachment":[{"href":"https:\/\/artsyhostel.com.br\/hotel\/wp-json\/wp\/v2\/media?parent=1060"}],"curies":[{"name":"wp","href":"https:\/\/api.w.org\/{rel}","templated":true}]}}